{"id":1114,"date":"2020-05-13T15:13:12","date_gmt":"2020-05-13T14:13:12","guid":{"rendered":"https:\/\/www.urbanshape.pt\/startseite\/"},"modified":"2024-12-05T16:57:51","modified_gmt":"2024-12-05T16:57:51","slug":"startseite","status":"publish","type":"page","link":"https:\/\/www.urbanshape.pt\/de\/","title":{"rendered":"Startseite"},"content":{"rendered":"<p>[vc_row css_animation=&#8220;&#8220; row_type=&#8220;row&#8220; use_row_as_full_screen_section=&#8220;no&#8220; type=&#8220;full_width&#8220; angled_section=&#8220;no&#8220; text_align=&#8220;left&#8220; background_image_as_pattern=&#8220;without_pattern&#8220;][vc_column][rev_slider_vc alias=&#8220;slider_home&#8220;][\/vc_column][\/vc_row][vc_row css_animation=&#8220;&#8220; row_type=&#8220;row&#8220; use_row_as_full_screen_section=&#8220;no&#8220; type=&#8220;grid&#8220; angled_section=&#8220;no&#8220; text_align=&#8220;center&#8220; background_image_as_pattern=&#8220;without_pattern&#8220; anchor=&#8220;product&#8220; css=&#8220;.vc_custom_1539704779562{padding-top: 5% !important;padding-bottom: 0% !important;}&#8220; z_index=&#8220;&#8220;][vc_column][vc_column_text]<\/p>\n<h1>Urban Shape<\/h1>\n<p>[\/vc_column_text][vc_empty_space height=&#8220;20px&#8220;][vc_column_text]<\/p>\n<h5>Bauarbeiten, Umbau, Gem\u00e4lde, Schwimmbadbau und Villenbau an der Algarve<\/h5>\n<p>[\/vc_column_text][\/vc_column][\/vc_row][vc_row css_animation=&#8220;&#8220; row_type=&#8220;row&#8220; use_row_as_full_screen_section=&#8220;no&#8220; type=&#8220;grid&#8220; angled_section=&#8220;no&#8220; text_align=&#8220;center&#8220; background_image_as_pattern=&#8220;without_pattern&#8220; css=&#8220;.vc_custom_1539707263343{padding-top: 4.7% !important;}&#8220; z_index=&#8220;&#8220;][vc_column offset=&#8220;vc_col-lg-offset-0 vc_col-lg-4 vc_col-md-offset-2 vc_col-md-8&#8243;][vc_single_image image=&#8220;553&#8243; img_size=&#8220;full&#8220; alignment=&#8220;center&#8220; onclick=&#8220;custom_link&#8220; qode_css_animation=&#8220;&#8220; link=&#8220;https:\/\/www.urbanshape.pt\/de\/baugewerbe-algarve\/&#8220;][vc_empty_space height=&#8220;39px&#8220;][vc_column_text]<\/p>\n<h4><a href=\"https:\/\/www.urbanshape.pt\/de\/baugewerbe-algarve\/\">Bau<\/a><\/h4>\n<p>[\/vc_column_text][vc_empty_space height=&#8220;29px&#8220;][vc_column_text]<\/p>\n<p class=\"p1\"><span class=\"s1\">Der Zivile Bau umfasst Arbeiten von Wurzel von Villen, Geb\u00e4uden, Wohnungen, Geb\u00e4uden, Nebengeb\u00e4uden und Schwimmb\u00e4dern. Wir haben ein Team von Ingenieuren und Architekten, um ihr Projekt durchzuf\u00fchren.<\/span><\/p>\n<p>&nbsp;<\/p>\n<p><a href=\"https:\/\/www.urbanshape.pt\/de\/baugewerbe-algarve\/\">Weitere Informationen<\/a>[\/vc_column_text][vc_empty_space height=&#8220;46px&#8220;][\/vc_column][vc_column offset=&#8220;vc_col-lg-offset-0 vc_col-lg-4 vc_col-md-offset-2 vc_col-md-8&#8243;][vc_single_image image=&#8220;477&#8243; img_size=&#8220;full&#8220; alignment=&#8220;center&#8220; onclick=&#8220;custom_link&#8220; qode_css_animation=&#8220;&#8220; link=&#8220;https:\/\/www.urbanshape.pt\/de\/bau-von-algarve-schwimmbadern\/&#8220;][vc_empty_space height=&#8220;39px&#8220;][vc_column_text]<\/p>\n<h4><a href=\"https:\/\/www.urbanshape.pt\/de\/bau-von-algarve-schwimmbadern\/\">Bau von Schwimmb\u00e4dern<\/a><\/h4>\n<p>[\/vc_column_text][vc_empty_space height=&#8220;29px&#8220;][vc_column_text]Wir f\u00fchren Projekte und den Bau von hochwertigen Schwimmb\u00e4dern in Villen, Hotels, Eigentumswohnungen oder Siedlungen durch.<br \/>\n<a href=\"https:\/\/www.urbanshape.pt\/de\/bau-von-algarve-schwimmbadern\/\">Mehr<\/a>[\/vc_column_text][vc_empty_space height=&#8220;46px&#8220;][\/vc_column][vc_column offset=&#8220;vc_col-lg-offset-0 vc_col-lg-4 vc_col-md-offset-2 vc_col-md-8&#8243;][vc_column_text]<img loading=\"lazy\" decoding=\"async\" class=\"size-medium wp-image-276 aligncenter\" style=\"margin-bottom: 25px;\" src=\"https:\/\/www.urbanshape.pt\/wp-content\/uploads\/2018\/10\/logo-300x211.jpg\" alt=\"\" width=\"300\" height=\"211\" srcset=\"https:\/\/www.urbanshape.pt\/wp-content\/uploads\/2018\/10\/logo-300x211.jpg 300w, https:\/\/www.urbanshape.pt\/wp-content\/uploads\/2018\/10\/logo.jpg 500w\" sizes=\"auto, (max-width: 300px) 100vw, 300px\" \/><\/p>\n<p style=\"text-align: center;\">Seit 2010 tragen wir zu sicherem, qualitativ hochwertigem Bauen zu einem fairen Preis bei.<\/p>\n<p>[\/vc_column_text][\/vc_column][\/vc_row][vc_row row_type=&#8220;parallax&#8220; parallax_content_width=&#8220;in_grid&#8220; text_align=&#8220;left&#8220; full_screen_section_height=&#8220;no&#8220; background_image=&#8220;516&#8243; css=&#8220;.vc_custom_1540377623009{padding-top: 0% !important;padding-bottom: 0% !important;}&#8220;][vc_column css=&#8220;.vc_custom_1469521407481{padding-top: 20.83% !important;}&#8220;][vc_column_text]<\/p>\n<h2>Bau und Sanierung<\/h2>\n<p>[\/vc_column_text][vc_empty_space height=&#8220;15px&#8220;][vc_row_inner row_type=&#8220;row&#8220; type=&#8220;full_width&#8220; text_align=&#8220;left&#8220; css_animation=&#8220;&#8220; css=&#8220;.vc_custom_1469090552211{padding-bottom: 22.9% !important;}&#8220;][vc_column_inner offset=&#8220;vc_col-lg-6 vc_col-md-8 vc_col-xs-12&#8243;][vc_column_text]<\/p>\n<h5><span class=\"s1\">Abwechslungsreiche und qualitativ hochwertige <\/span>Dienstleistungen im Bereich des <span class=\"s2\">Tiefbaus an der Algarve<\/span><\/h5>\n<p>[\/vc_column_text][vc_empty_space height=&#8220;29px&#8220;]<a  itemprop=\"url\" href=\"https:\/\/www.urbanshape.pt\/de\/kontakte\/\" target=\"_self\" data-hover-background-color=#3c3c3c  class=\"qbutton  default\" style=\"color: #ffffff; background-color: #f7941d;\">ASK F\u00dcR EINE QUOTE<\/a>[vc_empty_space height=&#8220;46px&#8220;][\/vc_column_inner][vc_column_inner width=&#8220;1\/12&#8243; offset=&#8220;vc_col-lg-6 vc_col-md-1 vc_hidden-md vc_hidden-sm vc_hidden-xs&#8220;][\/vc_column_inner][\/vc_row_inner][\/vc_column][\/vc_row][vc_row css_animation=&#8220;&#8220; row_type=&#8220;row&#8220; use_row_as_full_screen_section=&#8220;no&#8220; type=&#8220;full_width&#8220; angled_section=&#8220;no&#8220; text_align=&#8220;left&#8220; background_image_as_pattern=&#8220;without_pattern&#8220; anchor=&#8220;about&#8220; css=&#8220;.vc_custom_1469198951503{background-color: #f6f6f6 !important;}&#8220;][vc_column][qode_elements_holder number_of_columns=&#8220;two_columns&#8220;][qode_elements_holder_item cover=&#8220;yes&#8220; advanced_animations=&#8220;no&#8220; background_image=&#8220;518&#8243; item_padding=&#8220;0% 0% 0% 0%&#8220; item_padding_1024_1280=&#8220;0% 0% 0% 0%&#8220; item_padding_768_1024=&#8220;0% 0% 0% 0%&#8220; item_padding_600_768=&#8220;55% 25% 25% 25%&#8220; item_padding_480_600=&#8220;60% 0% 60% 0%&#8220; item_padding_480=&#8220;60% 0% 60% 0%&#8220;][\/qode_elements_holder_item][qode_elements_holder_item advanced_animations=&#8220;no&#8220; item_padding=&#8220;15% 22% 15% 16%&#8220; item_padding_1024_1280=&#8220;19.8% 17% 23.5% 16%&#8220; item_padding_768_1024=&#8220;16.8% 14% 16.5% 16%&#8220; item_padding_600_768=&#8220;23.8% 22% 19.5% 16%&#8220; item_padding_480_600=&#8220;23.8% 22% 19.5% 16%&#8220; item_padding_480=&#8220;23.8% 22% 19.5% 16%&#8220;][vc_column_text]<\/p>\n<h5><span style=\"font-size: 30px;\">Vorteile<\/span><br \/>\num unser Unternehmen zu w\u00e4hlen<\/h5>\n<p>[\/vc_column_text][vc_empty_space height=&#8220;21px&#8220;]<div class=\"q_icon_list\"><i class=\"qode_icon_font_awesome fa fa-check qode-ili-icon-holder circle\" style=\"background-color: #f7941d;\" ><\/i><p style=\"\">Niedrige Preise<\/p><\/div><div class=\"q_icon_list\"><i class=\"qode_icon_font_awesome fa fa-check qode-ili-icon-holder circle\" style=\"background-color: #f7941d;\" ><\/i><p style=\"\">Premium-Qualit\u00e4t<\/p><\/div><div class=\"q_icon_list\"><i class=\"qode_icon_font_awesome fa fa-check qode-ili-icon-holder circle\" style=\"background-color: #f7941d;\" ><\/i><p style=\"\">Einhaltung von Fristen<\/p><\/div><div class=\"q_icon_list\"><i class=\"qode_icon_font_awesome fa fa-check qode-ili-icon-holder circle\" style=\"background-color: #f7941d;\" ><\/i><p style=\"\">100% Kostenlos Budgets<\/p><\/div><div class=\"q_icon_list\"><i class=\"qode_icon_font_awesome fa fa-check qode-ili-icon-holder circle\" style=\"background-color: #f7941d;\" ><\/i><p style=\"\">Effektive und schnelle Dienstleistungen<\/p><\/div><div class=\"q_icon_list\"><i class=\"qode_icon_font_awesome fa fa-check qode-ili-icon-holder circle\" style=\"background-color: #f7941d;\" ><\/i><p style=\"\">Ausgebildete und erfahrene Techniker<\/p><\/div><div class=\"q_icon_list\"><i class=\"qode_icon_font_awesome fa fa-check qode-ili-icon-holder circle\" style=\"background-color: #f7941d;\" ><\/i><p style=\"\">Modernste Marken und Materialien<\/p><\/div><div class=\"q_icon_list\"><i class=\"qode_icon_font_awesome fa fa-check qode-ili-icon-holder circle\" style=\"background-color: #f7941d;\" ><\/i><p style=\"\">Einschlie\u00dflich Lizenzen, insbesondere auf \u00f6ffentlichen Stra\u00dfen<\/p><\/div>[vc_empty_space height=&#8220;40px&#8220;][\/qode_elements_holder_item][\/qode_elements_holder][\/vc_column][\/vc_row]<\/p>\n","protected":false},"excerpt":{"rendered":"<p>[vc_row css_animation=&#8220;&#8220; row_type=&#8220;row&#8220; use_row_as_full_screen_section=&#8220;no&#8220; type=&#8220;full_width&#8220; angled_section=&#8220;no&#8220; text_align=&#8220;left&#8220; background_image_as_pattern=&#8220;without_pattern&#8220;][vc_column][rev_slider_vc alias=&#8220;slider_home&#8220;][\/vc_column][\/vc_row][vc_row css_animation=&#8220;&#8220; row_type=&#8220;row&#8220; use_row_as_full_screen_section=&#8220;no&#8220; type=&#8220;grid&#8220; angled_section=&#8220;no&#8220; text_align=&#8220;center&#8220; background_image_as_pattern=&#8220;without_pattern&#8220; anchor=&#8220;product&#8220; css=&#8220;.vc_custom_1539704779562{padding-top: 5% !important;padding-bottom: 0% !important;}&#8220; z_index=&#8220;&#8220;][vc_column][vc_column_text] Urban Shape [\/vc_column_text][vc_empty_space height=&#8220;20px&#8220;][vc_column_text] Bauarbeiten, Umbau, Gem\u00e4lde, Schwimmbadbau und Villenbau an der Algarve [\/vc_column_text][\/vc_column][\/vc_row][vc_row css_animation=&#8220;&#8220; row_type=&#8220;row&#8220; use_row_as_full_screen_section=&#8220;no&#8220; type=&#8220;grid&#8220; angled_section=&#8220;no&#8220; text_align=&#8220;center&#8220; background_image_as_pattern=&#8220;without_pattern&#8220; css=&#8220;.vc_custom_1539707263343{padding-top:&#8230;<\/p>\n","protected":false},"author":1,"featured_media":0,"parent":0,"menu_order":0,"comment_status":"closed","ping_status":"closed","template":"full_width.php","meta":{"footnotes":""},"class_list":["post-1114","page","type-page","status-publish","hentry"],"aioseo_notices":[],"_links":{"self":[{"href":"https:\/\/www.urbanshape.pt\/de\/wp-json\/wp\/v2\/pages\/1114","targetHints":{"allow":["GET"]}}],"collection":[{"href":"https:\/\/www.urbanshape.pt\/de\/wp-json\/wp\/v2\/pages"}],"about":[{"href":"https:\/\/www.urbanshape.pt\/de\/wp-json\/wp\/v2\/types\/page"}],"author":[{"embeddable":true,"href":"https:\/\/www.urbanshape.pt\/de\/wp-json\/wp\/v2\/users\/1"}],"replies":[{"embeddable":true,"href":"https:\/\/www.urbanshape.pt\/de\/wp-json\/wp\/v2\/comments?post=1114"}],"version-history":[{"count":7,"href":"https:\/\/www.urbanshape.pt\/de\/wp-json\/wp\/v2\/pages\/1114\/revisions"}],"predecessor-version":[{"id":1840,"href":"https:\/\/www.urbanshape.pt\/de\/wp-json\/wp\/v2\/pages\/1114\/revisions\/1840"}],"wp:attachment":[{"href":"https:\/\/www.urbanshape.pt\/de\/wp-json\/wp\/v2\/media?parent=1114"}],"curies":[{"name":"wp","href":"https:\/\/api.w.org\/{rel}","templated":true}]}}